{"id":7705,"date":"2021-10-03T11:40:10","date_gmt":"2021-10-03T11:40:10","guid":{"rendered":"https:\/\/loehmer-consulting.com\/?page_id=7705"},"modified":"2025-02-04T12:47:26","modified_gmt":"2025-02-04T11:47:26","slug":"my-philosophy","status":"publish","type":"page","link":"https:\/\/loehmer-consulting.com\/en\/my-philosophy\/","title":{"rendered":"Meine Philosophie"},"content":{"rendered":"<div data-elementor-type=\"wp-page\" data-elementor-id=\"7705\" class=\"elementor elementor-7705\" data-elementor-post-type=\"page\">\n\t\t\t\t\t\t<section class=\"elementor-section elementor-top-section elementor-element elementor-element-7dd71f1 elementor-section-height-min-height elementor-section-stretched elementor-section-boxed elementor-section-height-default elementor-section-items-middle\" data-id=\"7dd71f1\" data-element_type=\"section\" data-e-type=\"section\" data-settings=\"{&quot;stretch_section&quot;:&quot;section-stretched&quot;,&quot;background_background&quot;:&quot;classic&quot;}\">\n\t\t\t\t\t\t<div class=\"elementor-container elementor-column-gap-default\">\n\t\t\t\t\t<div class=\"elementor-column elementor-col-100 elementor-top-column elementor-element elementor-element-fcaa600\" data-id=\"fcaa600\" data-element_type=\"column\" data-e-type=\"column\">\n\t\t\t<div class=\"elementor-widget-wrap elementor-element-populated\">\n\t\t\t\t\t\t<div class=\"elementor-element elementor-element-b37e3a6 no_stripe elementor-widget elementor-widget-text-editor\" data-id=\"b37e3a6\" data-element_type=\"widget\" data-e-type=\"widget\" data-widget_type=\"text-editor.default\">\n\t\t\t\t<div class=\"elementor-widget-container\">\n\t\t\t\t\t\t\t\t\t<h1><span style=\"color: #ffffff;\">Philosophy<\/span><\/h1>\n\t\t\t\t\t\t\t\t<\/div>\n\t\t\t\t<\/div>\n\t\t\t\t\t<\/div>\n\t\t<\/div>\n\t\t\t\t\t<\/div>\n\t\t<\/section>\n\t\t\t\t<section class=\"elementor-section elementor-top-section elementor-element elementor-element-11da58b elementor-section-boxed elementor-section-height-default elementor-section-height-default\" data-id=\"11da58b\" data-element_type=\"section\" data-e-type=\"section\">\n\t\t\t\t\t\t<div class=\"elementor-container elementor-column-gap-default\">\n\t\t\t\t\t<div class=\"elementor-column elementor-col-100 elementor-top-column elementor-element elementor-element-773bd85\" data-id=\"773bd85\" data-element_type=\"column\" data-e-type=\"column\">\n\t\t\t<div class=\"elementor-widget-wrap elementor-element-populated\">\n\t\t\t\t\t\t<div class=\"elementor-element elementor-element-032a0be elementor-widget elementor-widget-vc_custom_heading\" data-id=\"032a0be\" data-element_type=\"widget\" data-e-type=\"widget\" data-widget_type=\"vc_custom_heading.default\">\n\t\t\t\t<div class=\"elementor-widget-container\">\n\t\t\t\t\t<div class=\"vc_custom_heading  consulting_heading_font  text_align_center title_no_stripe\" ><h3 style=\"color: #696969;text-align: center;font-weight:700\" class=\"consulting-custom-title\">\"If you want to lead, you have to like people.\"\n<\/h3><\/div>\t\t\t\t<\/div>\n\t\t\t\t<\/div>\n\t\t\t\t\t<\/div>\n\t\t<\/div>\n\t\t\t\t\t<\/div>\n\t\t<\/section>\n\t\t\t\t<section class=\"elementor-section elementor-top-section elementor-element elementor-element-7b230b0 elementor-section-boxed elementor-section-height-default elementor-section-height-default\" data-id=\"7b230b0\" data-element_type=\"section\" data-e-type=\"section\" data-settings=\"{&quot;background_background&quot;:&quot;classic&quot;}\">\n\t\t\t\t\t\t<div class=\"elementor-container elementor-column-gap-default\">\n\t\t\t\t\t<div class=\"elementor-column elementor-col-50 elementor-top-column elementor-element elementor-element-7b235f4\" data-id=\"7b235f4\" data-element_type=\"column\" data-e-type=\"column\">\n\t\t\t<div class=\"elementor-widget-wrap elementor-element-populated\">\n\t\t\t\t\t\t<div class=\"elementor-element elementor-element-7b242f2 elementor-widget elementor-widget-text-editor\" data-id=\"7b242f2\" data-element_type=\"widget\" data-e-type=\"widget\" data-widget_type=\"text-editor.default\">\n\t\t\t\t<div class=\"elementor-widget-container\">\n\t\t\t\t\t\t\t\t\t<p>Constant change and adaptation to the dynamic corporate environment \u2013 these are the daily challenges of every company.<br \/>Crises are (almost) always predictable or can be detected early enough.<br \/>Often people simply don't react early enough \u2013 see NOKIA or KODAK.<br \/>An experienced view from the outside is often helpful.<br \/>We all know that in order to master crises in the long term, it is essential to \"take the workforce with us\".<br \/>It is known from several studies that about 70% of all change processes are not implemented, are implemented poorly or only suboptimally (including McKinsey, Boston Consulting, Harvard Business, Porsche Consulting).<br \/>Positive continuation forecasts from restructuring reports nevertheless mean a subsequent insolvency in 38% of cases.<\/p>\n<p>In many restructuring and change mandates, I have learned in practice why change processes fail and, in particular, how to design and implement them successfully.<br \/>In mechanical and plant engineering, in addition to business knowledge, this also requires an understanding of technology, experience, creativity\/inventiveness and: a great affinity for people. Resistance arises from fear. This fear, in turn, arises from the loss of trust and without trust there is no success.<br \/>Only these realizations have allowed me to reach\u00a0<strong><strong>100% success in change and transformation processes<\/strong><\/strong>\u00a0.<\/p>\n<p><em>My book contains many suggestions and practical examples that cannot be learned in any seminar or course, no matter how good.<\/em><\/p>\n<p><strong>Understanding of technology, renovation experience in practice and, above all, appreciation and respect with consistency and authenticity at the same time<\/strong>: The joy of doing something so that the afflicted people can feel a perspective again, laugh again and the workforce comes to work with joy. This joy as well as my satisfied clients\/clients are my best reward.<\/p>\n<p style=\"margin: 0cm 3.75pt .0001pt 0cm;\">\u00a0<\/p>\n\t\t\t\t\t\t\t\t<\/div>\n\t\t\t\t<\/div>\n\t\t\t\t\t<\/div>\n\t\t<\/div>\n\t\t\t\t<div class=\"elementor-column elementor-col-50 elementor-top-column elementor-element elementor-element-15d2fa8\" data-id=\"15d2fa8\" data-element_type=\"column\" data-e-type=\"column\">\n\t\t\t<div class=\"elementor-widget-wrap elementor-element-populated\">\n\t\t\t\t\t\t<div class=\"elementor-element elementor-element-a03cf88 animated-slow elementor-invisible elementor-widget elementor-widget-image\" data-id=\"a03cf88\" data-element_type=\"widget\" data-e-type=\"widget\" data-settings=\"{&quot;_animation&quot;:&quot;fadeIn&quot;}\" data-widget_type=\"image.default\">\n\t\t\t\t<div class=\"elementor-widget-container\">\n\t\t\t\t\t\t\t\t\t\t\t\t\t\t\t<img fetchpriority=\"high\" decoding=\"async\" width=\"1707\" height=\"2560\" src=\"https:\/\/loehmer-consulting.com\/wp-content\/uploads\/2023\/05\/69.844-033-scaled.jpg\" class=\"attachment-full size-full wp-image-8661\" alt=\"\" srcset=\"https:\/\/loehmer-consulting.com\/wp-content\/uploads\/2023\/05\/69.844-033-scaled.jpg 1707w, https:\/\/loehmer-consulting.com\/wp-content\/uploads\/2023\/05\/69.844-033-200x300.jpg 200w, https:\/\/loehmer-consulting.com\/wp-content\/uploads\/2023\/05\/69.844-033-683x1024.jpg 683w, https:\/\/loehmer-consulting.com\/wp-content\/uploads\/2023\/05\/69.844-033-768x1152.jpg 768w, https:\/\/loehmer-consulting.com\/wp-content\/uploads\/2023\/05\/69.844-033-1024x1536.jpg 1024w, https:\/\/loehmer-consulting.com\/wp-content\/uploads\/2023\/05\/69.844-033-1365x2048.jpg 1365w, https:\/\/loehmer-consulting.com\/wp-content\/uploads\/2023\/05\/69.844-033-900x1350.jpg 900w\" sizes=\"(max-width: 1707px) 100vw, 1707px\" \/>\t\t\t\t\t\t\t\t\t\t\t\t\t\t\t<\/div>\n\t\t\t\t<\/div>\n\t\t\t\t\t<\/div>\n\t\t<\/div>\n\t\t\t\t\t<\/div>\n\t\t<\/section>\n\t\t\t\t<\/div>","protected":false},"excerpt":{"rendered":"<p>Philosophie \u201eWer f\u00fchren will, muss Menschen m\u00f6gen.\u201c Steter Wandel und Anpassung an die dynamische Unternehmensumwelt \u2013 das sind die t\u00e4glichen Herausforderungen jedes Unternehmens.Krisen sind (fast) immer vorhersehbar bzw. fr\u00fch genug zu erkennen.Oft wird einfach nicht fr\u00fch genug reagiert \u2013 siehe NOKIA oder KODAK.Ein erfahrener Blick von au\u00dfen ist da oft hilfreich.Wir alle wissen, um Krisen<\/p>","protected":false},"author":1,"featured_media":0,"parent":0,"menu_order":0,"comment_status":"closed","ping_status":"closed","template":"","meta":{"footnotes":""},"class_list":["post-7705","page","type-page","status-publish","hentry"],"aioseo_notices":[],"_links":{"self":[{"href":"https:\/\/loehmer-consulting.com\/en\/wp-json\/wp\/v2\/pages\/7705","targetHints":{"allow":["GET"]}}],"collection":[{"href":"https:\/\/loehmer-consulting.com\/en\/wp-json\/wp\/v2\/pages"}],"about":[{"href":"https:\/\/loehmer-consulting.com\/en\/wp-json\/wp\/v2\/types\/page"}],"author":[{"embeddable":true,"href":"https:\/\/loehmer-consulting.com\/en\/wp-json\/wp\/v2\/users\/1"}],"replies":[{"embeddable":true,"href":"https:\/\/loehmer-consulting.com\/en\/wp-json\/wp\/v2\/comments?post=7705"}],"version-history":[{"count":42,"href":"https:\/\/loehmer-consulting.com\/en\/wp-json\/wp\/v2\/pages\/7705\/revisions"}],"predecessor-version":[{"id":9135,"href":"https:\/\/loehmer-consulting.com\/en\/wp-json\/wp\/v2\/pages\/7705\/revisions\/9135"}],"wp:attachment":[{"href":"https:\/\/loehmer-consulting.com\/en\/wp-json\/wp\/v2\/media?parent=7705"}],"curies":[{"name":"wp","href":"https:\/\/api.w.org\/{rel}","templated":true}]}}