{"id":377,"date":"2016-01-07T04:23:21","date_gmt":"2016-01-07T04:23:21","guid":{"rendered":"http:\/\/consulting.stylemixthemes.com\/?page_id=377"},"modified":"2025-05-28T20:36:57","modified_gmt":"2025-05-28T18:36:57","slug":"profile","status":"publish","type":"page","link":"https:\/\/loehmer-consulting.com\/en\/profile\/","title":{"rendered":"Mein Profil"},"content":{"rendered":"<div data-elementor-type=\"wp-page\" data-elementor-id=\"377\" class=\"elementor elementor-377\" data-elementor-post-type=\"page\">\n\t\t\t\t\t\t<section class=\"elementor-section elementor-top-section elementor-element elementor-element-89938b3 elementor-section-height-min-height elementor-section-stretched elementor-section-boxed elementor-section-height-default elementor-section-items-middle\" data-id=\"89938b3\" data-element_type=\"section\" data-e-type=\"section\" data-settings=\"{&quot;stretch_section&quot;:&quot;section-stretched&quot;,&quot;background_background&quot;:&quot;classic&quot;}\">\n\t\t\t\t\t\t<div class=\"elementor-container elementor-column-gap-default\">\n\t\t\t\t\t<div class=\"elementor-column elementor-col-100 elementor-top-column elementor-element elementor-element-803edcc\" data-id=\"803edcc\" data-element_type=\"column\" data-e-type=\"column\">\n\t\t\t<div class=\"elementor-widget-wrap elementor-element-populated\">\n\t\t\t\t\t\t<div class=\"elementor-element elementor-element-892e0b0 elementor-widget elementor-widget-text-editor\" data-id=\"892e0b0\" data-element_type=\"widget\" data-e-type=\"widget\" data-widget_type=\"text-editor.default\">\n\t\t\t\t<div class=\"elementor-widget-container\">\n\t\t\t\t\t\t\t\t\t<p>Profile<\/p>\n\t\t\t\t\t\t\t\t<\/div>\n\t\t\t\t<\/div>\n\t\t\t\t\t<\/div>\n\t\t<\/div>\n\t\t\t\t\t<\/div>\n\t\t<\/section>\n\t\t\t\t<section class=\"elementor-section elementor-top-section elementor-element elementor-element-7b230b0 elementor-reverse-mobile elementor-section-boxed elementor-section-height-default elementor-section-height-default\" data-id=\"7b230b0\" data-element_type=\"section\" data-e-type=\"section\" data-settings=\"{&quot;background_background&quot;:&quot;classic&quot;}\">\n\t\t\t\t\t\t<div class=\"elementor-container elementor-column-gap-default\">\n\t\t\t\t\t<div class=\"elementor-column elementor-col-100 elementor-top-column elementor-element elementor-element-7b249e0\" data-id=\"7b249e0\" data-element_type=\"column\" data-e-type=\"column\">\n\t\t\t<div class=\"elementor-widget-wrap elementor-element-populated\">\n\t\t\t\t\t\t<div class=\"elementor-element elementor-element-7b24d53 elementor-widget elementor-widget-stm_sidebar\" data-id=\"7b24d53\" data-element_type=\"widget\" data-e-type=\"widget\" data-widget_type=\"stm_sidebar.default\">\n\t\t\t\t<div class=\"elementor-widget-container\">\n\t\t\t\t\t\n<div class=\"stm_sidebar consulting_elementor_sidebar\">\n\n            \t\t<div data-elementor-type=\"wp-post\" data-elementor-id=\"311\" class=\"elementor elementor-311\" data-elementor-post-type=\"stm_vc_sidebar\">\n\t\t\t\t\t\t<section class=\"elementor-section elementor-top-section elementor-element elementor-element-8ce4966 elementor-section-boxed elementor-section-height-default elementor-section-height-default\" data-id=\"8ce4966\" data-element_type=\"section\" data-e-type=\"section\" data-settings=\"{&quot;background_background&quot;:&quot;classic&quot;}\">\n\t\t\t\t\t\t<div class=\"elementor-container elementor-column-gap-default\">\n\t\t\t\t\t<div class=\"elementor-column elementor-col-100 elementor-top-column elementor-element elementor-element-8ce4e6c\" data-id=\"8ce4e6c\" data-element_type=\"column\" data-e-type=\"column\">\n\t\t\t<div class=\"elementor-widget-wrap elementor-element-populated\">\n\t\t\t\t\t\t<div class=\"elementor-element elementor-element-072afc7 elementor-widget elementor-widget-image\" data-id=\"072afc7\" data-element_type=\"widget\" data-e-type=\"widget\" data-widget_type=\"image.default\">\n\t\t\t\t<div class=\"elementor-widget-container\">\n\t\t\t\t\t\t\t\t\t\t\t\t\t\t\t<img fetchpriority=\"high\" decoding=\"async\" width=\"1707\" height=\"2560\" src=\"https:\/\/loehmer-consulting.com\/wp-content\/uploads\/2016\/01\/69.844-079-scaled.jpg\" class=\"attachment-full size-full wp-image-8651\" alt=\"\" srcset=\"https:\/\/loehmer-consulting.com\/wp-content\/uploads\/2016\/01\/69.844-079-scaled.jpg 1707w, https:\/\/loehmer-consulting.com\/wp-content\/uploads\/2016\/01\/69.844-079-200x300.jpg 200w, https:\/\/loehmer-consulting.com\/wp-content\/uploads\/2016\/01\/69.844-079-683x1024.jpg 683w, https:\/\/loehmer-consulting.com\/wp-content\/uploads\/2016\/01\/69.844-079-768x1152.jpg 768w, https:\/\/loehmer-consulting.com\/wp-content\/uploads\/2016\/01\/69.844-079-1024x1536.jpg 1024w, https:\/\/loehmer-consulting.com\/wp-content\/uploads\/2016\/01\/69.844-079-1365x2048.jpg 1365w, https:\/\/loehmer-consulting.com\/wp-content\/uploads\/2016\/01\/69.844-079-900x1350.jpg 900w\" sizes=\"(max-width: 1707px) 100vw, 1707px\" \/>\t\t\t\t\t\t\t\t\t\t\t\t\t\t\t<\/div>\n\t\t\t\t<\/div>\n\t\t\t\t<div class=\"elementor-element elementor-element-a678ce3 elementor-widget elementor-widget-text-editor\" data-id=\"a678ce3\" data-element_type=\"widget\" data-e-type=\"widget\" data-widget_type=\"text-editor.default\">\n\t\t\t\t<div class=\"elementor-widget-container\">\n\t\t\t\t\t\t\t\t\t<p style=\"text-align: center;\">Grad. Engineer Gert E. L\u00f6hmer<\/p>\n\t\t\t\t\t\t\t\t<\/div>\n\t\t\t\t<\/div>\n\t\t\t\t<div class=\"elementor-element elementor-element-467394e elementor-shape-circle elementor-grid-0 e-grid-align-center elementor-widget elementor-widget-social-icons\" data-id=\"467394e\" data-element_type=\"widget\" data-e-type=\"widget\" data-widget_type=\"social-icons.default\">\n\t\t\t\t<div class=\"elementor-widget-container\">\n\t\t\t\t\t\t\t<div class=\"elementor-social-icons-wrapper elementor-grid\" role=\"list\">\n\t\t\t\t\t\t\t<span class=\"elementor-grid-item\" role=\"listitem\">\n\t\t\t\t\t<a class=\"elementor-icon elementor-social-icon elementor-social-icon-linkedin elementor-repeater-item-d55e5d4\" href=\"https:\/\/www.linkedin.com\/in\/gert-l%C3%B6hmer\/\" target=\"_blank\">\n\t\t\t\t\t\t<span class=\"elementor-screen-only\">Linkedin<\/span>\n\t\t\t\t\t\t<i aria-hidden=\"true\" class=\"fab fa-linkedin\"><\/i>\t\t\t\t\t<\/a>\n\t\t\t\t<\/span>\n\t\t\t\t\t\t\t<span class=\"elementor-grid-item\" role=\"listitem\">\n\t\t\t\t\t<a class=\"elementor-icon elementor-social-icon elementor-social-icon-xing elementor-repeater-item-3198cca\" href=\"https:\/\/www.xing.com\/profile\/Gert_Loehmer\/cv\" target=\"_blank\">\n\t\t\t\t\t\t<span class=\"elementor-screen-only\">Xing<\/span>\n\t\t\t\t\t\t<i aria-hidden=\"true\" class=\"fab fa-xing\"><\/i>\t\t\t\t\t<\/a>\n\t\t\t\t<\/span>\n\t\t\t\t\t<\/div>\n\t\t\t\t\t\t<\/div>\n\t\t\t\t<\/div>\n\t\t\t\t<div class=\"elementor-element elementor-element-a8b7093 elementor-widget elementor-widget-heading\" data-id=\"a8b7093\" data-element_type=\"widget\" data-e-type=\"widget\" data-widget_type=\"heading.default\">\n\t\t\t\t<div class=\"elementor-widget-container\">\n\t\t\t\t\t<h6 class=\"elementor-heading-title elementor-size-default\">Do you have any questions?<\/h6>\t\t\t\t<\/div>\n\t\t\t\t<\/div>\n\t\t\t\t<div class=\"elementor-element elementor-element-f62e452 elementor-align-left elementor-widget elementor-widget-button\" data-id=\"f62e452\" data-element_type=\"widget\" data-e-type=\"widget\" data-widget_type=\"button.default\">\n\t\t\t\t<div class=\"elementor-widget-container\">\n\t\t\t\t\t\t\t\t\t<div class=\"elementor-button-wrapper icon_align_  button_block\">\n\t\t\t\t\t<a class=\"elementor-button elementor-button-link elementor-size-lg\" href=\"https:\/\/loehmer-consulting.com\/kontakt\/\">\n\t\t\t\t\t\t<span class=\"elementor-button-content-wrapper\">\n\t\t\t\t\t\t<span class=\"elementor-button-icon\">\n\t\t\t\t<i aria-hidden=\"true\" class=\"stm-phone_13\"><\/i>\t\t\t<\/span>\n\t\t\t\t\t\t\t\t\t<span class=\"elementor-button-text\">Contact<\/span>\n\t\t\t\t\t<\/span>\n\t\t\t\t\t<\/a>\n\t\t\t\t<\/div>\n\t\t\t\t\t\t\t\t<\/div>\n\t\t\t\t<\/div>\n\t\t\t\t\t<\/div>\n\t\t<\/div>\n\t\t\t\t\t<\/div>\n\t\t<\/section>\n\t\t\t\t<\/div>\n\t\t    \n<\/div>\t\t\t\t<\/div>\n\t\t\t\t<\/div>\n\t\t\t\t<div class=\"elementor-element elementor-element-5badd0a elementor-widget elementor-widget-image\" data-id=\"5badd0a\" data-element_type=\"widget\" data-e-type=\"widget\" data-widget_type=\"image.default\">\n\t\t\t\t<div class=\"elementor-widget-container\">\n\t\t\t\t\t\t\t\t\t\t\t\t\t\t\t<img decoding=\"async\" width=\"715\" height=\"1024\" src=\"https:\/\/loehmer-consulting.com\/wp-content\/uploads\/2025\/05\/Seal-of-Excellence-Loehmer-715x1024.jpg\" class=\"attachment-large size-large wp-image-9461\" alt=\"Seal of Excellence L\u00f6hmer\" srcset=\"https:\/\/loehmer-consulting.com\/wp-content\/uploads\/2025\/05\/Seal-of-Excellence-Loehmer-715x1024.jpg 715w, https:\/\/loehmer-consulting.com\/wp-content\/uploads\/2025\/05\/Seal-of-Excellence-Loehmer-209x300.jpg 209w, https:\/\/loehmer-consulting.com\/wp-content\/uploads\/2025\/05\/Seal-of-Excellence-Loehmer-768x1100.jpg 768w, https:\/\/loehmer-consulting.com\/wp-content\/uploads\/2025\/05\/Seal-of-Excellence-Loehmer-1072x1536.jpg 1072w, https:\/\/loehmer-consulting.com\/wp-content\/uploads\/2025\/05\/Seal-of-Excellence-Loehmer-8x12.jpg 8w, https:\/\/loehmer-consulting.com\/wp-content\/uploads\/2025\/05\/Seal-of-Excellence-Loehmer-900x1290.jpg 900w, https:\/\/loehmer-consulting.com\/wp-content\/uploads\/2025\/05\/Seal-of-Excellence-Loehmer.jpg 1347w\" sizes=\"(max-width: 715px) 100vw, 715px\" \/>\t\t\t\t\t\t\t\t\t\t\t\t\t\t\t<\/div>\n\t\t\t\t<\/div>\n\t\t\t\t\t<\/div>\n\t\t<\/div>\n\t\t\t\t<div class=\"elementor-column elementor-col-100 elementor-top-column elementor-element elementor-element-7b235f4\" data-id=\"7b235f4\" data-element_type=\"column\" data-e-type=\"column\">\n\t\t\t<div class=\"elementor-widget-wrap elementor-element-populated\">\n\t\t\t\t\t\t<div class=\"elementor-element elementor-element-7b242f2 elementor-widget elementor-widget-text-editor\" data-id=\"7b242f2\" data-element_type=\"widget\" data-e-type=\"widget\" data-widget_type=\"text-editor.default\">\n\t\t\t\t<div class=\"elementor-widget-container\">\n\t\t\t\t\t\t\t\t\t<h2>Gert L\u00f6hmer<\/h2>\n<p>After my time as a naval officer and as a graduate engineer in mechanical engineering, I was able to observe and accompany for several years in medium-sized mechanical and plant engineering from the second row how managers and external consultants restructured\/restructured distressed companies in which I was an employee. In this way, I learned what worked and what didn't, how the \"team\" thought and felt, how what was communicated by whom and which role the consultants took over with what effect. However, I very often missed the necessary structure and attention in communication and in the management of insecure people in crisis-ridden companies.<br \/>Finally, a personnel consultant convinced me that I, as a conspicuous \"nine-timer\", should contribute to restructuring in various companies myself. This was probably quite successful, first at department level, then as a division manager and finally as an interim managing director and independent consultant.<\/p>\n<p>After more than 40 years of professional experience, most of which as a manager with a restructuring mandate or consultant, I offer creative, value-adding services for companies. I have now documented an important part of my knowledge and experience in a book. AI, digitalization, variable supply chains and changed communication behavior, the effects of the corona crisis and now the dramatic consequences of the Ukraine crisis are changing all areas of the manufacturing industry very quickly and very significantly.<\/p>\n<p class=\" translation-block\">For my clients, I offer my many years of experience along the entire service and value chain of a manufacturing, technology-oriented company combined with creativity, an affinity for technology and sales, curiosity and philanthropy. <br>In a crisis situation, it is mentally very difficult for both the company management and the workforce to \"pull the lever\" and actively shape their own future.<\/p>\n<p>In my experience, rehabilitating\/restructuring a manufacturing company does not \"only\" require many key figures, but to the same extent, experience, empathy, attention and \u2013 very important: <strong><br>Common sense, appreciation, authentic communication and creativity.<\/strong><br \/>The typical restructurer\/restructurer works \u2013 correctly \u2013 with many business key figures and solution techniques, based on expert opinions according to IDW S6 and S11, process specifications, KPI \u0301s, etc. Knowledge of this is indispensable. At the same time, however, many soft facts are noticeably underestimated in practice and the aforementioned key figures are often adhered to too rigidly.<\/p>\n<p>My offer is characterized by the fact that the function and importance of all stakeholders as well as all processes are really understood. On this broad basis, a positive result is achieved faster and better with a lot of creativity, with concentrated, authentic communication and proactive \"Motipulation\" in all directions.<br \/>Dazu biete ich Erfahrung, Neugier und technische Affinit\u00e4t in Verbindung mit dem notwendigen positiven Menschenbild.<br \/>Das lernt man auf keiner Hochschule und in keinem Business-Kurs \u2013 soweit mir bekannt\u2026<\/p>\n\t\t\t\t\t\t\t\t<\/div>\n\t\t\t\t<\/div>\n\t\t\t\t\t<\/div>\n\t\t<\/div>\n\t\t\t\t\t<\/div>\n\t\t<\/section>\n\t\t\t\t<\/div>","protected":false},"excerpt":{"rendered":"<p>Profil Dipl. Ing. Gert E. L\u00f6hmer Linkedin Xing Sie haben Fragen? Kontakt Gert L\u00f6hmer Nach meiner Zeit als Marineoffizier und als Dipl.-Ing. Maschinenbau habe ich mehrere Jahre im mittelst\u00e4ndischen Maschinen- und Anlagenbau aus zweiter Reihe beobachten und begleiten k\u00f6nnen, wie Manager und externe Berater notleidende Unternehmen, in denen ich Angestellter war, restrukturierten\/sanierten. So lernte ich,<\/p>","protected":false},"author":1,"featured_media":0,"parent":0,"menu_order":0,"comment_status":"closed","ping_status":"closed","template":"","meta":{"footnotes":""},"class_list":["post-377","page","type-page","status-publish","hentry"],"aioseo_notices":[],"_links":{"self":[{"href":"https:\/\/loehmer-consulting.com\/en\/wp-json\/wp\/v2\/pages\/377","targetHints":{"allow":["GET"]}}],"collection":[{"href":"https:\/\/loehmer-consulting.com\/en\/wp-json\/wp\/v2\/pages"}],"about":[{"href":"https:\/\/loehmer-consulting.com\/en\/wp-json\/wp\/v2\/types\/page"}],"author":[{"embeddable":true,"href":"https:\/\/loehmer-consulting.com\/en\/wp-json\/wp\/v2\/users\/1"}],"replies":[{"embeddable":true,"href":"https:\/\/loehmer-consulting.com\/en\/wp-json\/wp\/v2\/comments?post=377"}],"version-history":[{"count":27,"href":"https:\/\/loehmer-consulting.com\/en\/wp-json\/wp\/v2\/pages\/377\/revisions"}],"predecessor-version":[{"id":9474,"href":"https:\/\/loehmer-consulting.com\/en\/wp-json\/wp\/v2\/pages\/377\/revisions\/9474"}],"wp:attachment":[{"href":"https:\/\/loehmer-consulting.com\/en\/wp-json\/wp\/v2\/media?parent=377"}],"curies":[{"name":"wp","href":"https:\/\/api.w.org\/{rel}","templated":true}]}}